{"id":6391,"date":"2021-10-22T14:50:18","date_gmt":"2021-10-22T14:50:18","guid":{"rendered":"http:\/\/dummy.xtemos.com\/woodmart2\/elementor\/?page_id=6391"},"modified":"2026-02-17T11:46:23","modified_gmt":"2026-02-17T08:46:23","slug":"bltfood","status":"publish","type":"page","link":"https:\/\/bltfood.com.tr\/en\/","title":{"rendered":"BLTFOOD"},"content":{"rendered":"<div data-elementor-type=\"wp-page\" data-elementor-id=\"6391\" class=\"elementor elementor-6391\">\n\t\t\t\t<div class=\"wd-negative-gap elementor-element elementor-element-4ce0f26 e-flex e-con-boxed e-con e-parent\" data-id=\"4ce0f26\" data-element_type=\"container\" data-e-type=\"container\">\n\t\t\t\t\t<div class=\"e-con-inner\">\n\t\t\t\t<div class=\"elementor-element elementor-element-e0bc76e elementor-widget elementor-widget-wd_slider\" data-id=\"e0bc76e\" data-element_type=\"widget\" data-e-type=\"widget\" data-widget_type=\"wd_slider.default\">\n\t\t\t\t<div class=\"elementor-widget-container\">\n\t\t\t\t\t\t\t\t<link rel=\"stylesheet\" id=\"xts-style-term-73-css\" href=\"https:\/\/bltfood.com.tr\/wp-content\/uploads\/2026\/02\/xts-term-73-1770102496.css?ver=8.3.4\" type=\"text\/css\" media=\"all\">  \t\t\t<style>\t\t\t\t\t\t\t#slide-6398 .wd-slide-container {\n\t\t\t\t\t\t\t\t\t\t--wd-align-items: flex-start;\n\t\t\t\t\t\t\t\t\t\t\t\t\t\t\t--wd-justify-content: center;\n\t\t\t\t\t\t\t\t\t}\n\t\t\t\t\t\t\t\t#slide-6398.woodmart-loaded .wd-slide-bg {\n\t\t\t\t\tbackground-image:url(https:\/\/bltfood.com.tr\/wp-content\/uploads\/2021\/10\/Slider-3.webp);\t\t\t\t}\n\n\t\t\t\t#slide-6398 .wd-slide-bg {\n\t\t\t\tbackground-color:rgb(149,174,188);\t\t\t\tbackground-size:cover;\n\t\t\t\t\t\t\t\t\tbackground-position:center center;\t\t\t\t\n\t\t\t\t\t\t\t}\n\n\t\t\t\t#slide-6398 .wd-slide-bg img {\n\t\t\t\t\t\n\t\t\t\t\t\t\t\t\t\t\t\t\t\t\t\t\t\t\t\t}\n\n\t\t\t\n\t\t\t\t\n\t\t\t\t@media (max-width: 1024px) {\n\t\t\t\t\n\t\t\t\t\n\t\t\t\t\n\t\t\t\t\n\t\t\t\t\n\t\t\t\t\t#slide-6398 .wd-slide-bg {\n\t\t\t\t\t\t\t\t\t\t\t\t\t\t\t\t\n\t\t\t\t\t\t\t\t\t\t\t\t\t\t\t\t\t\t\t\t\t}\n\t\t\t\t}\n\n\t\t\t\t@media (max-width: 768px) {\n\t\t\t\t\n\t\t\t\t\n\t\t\t\t\n\t\t\t\t\n\t\t\t\t\n\t\t\t\t\t#slide-6398 .wd-slide-bg {\n\t\t\t\t\t\t\t\t\t\t\t\t\t\t\t\t\t\t\n\t\t\t\t\t\t\t\t\t\t\t\t\t\t\t\t\t\t\t\t\t\t\t}\n\t\t\t\t}\n\n\t\t\t\t\n\t\t\t\t\t\t\t\t<\/style>\n\t\t<div id=\"slider-73\" data-id=\"73\" class=\"wd-slider wd-carousel-container wd-anim-distortion wd-section-stretch\">\n\t\t\t<div class=\"wd-carousel-inner\">\n\t\t\t\t<div class=\"wd-carousel wd-grid\" data-speed=\"20000\" data-wrap=\"yes\" data-autoplay=\"yes\" data-autoheight=\"yes\" data-scroll_per_page=\"yes\" data-sliding_speed=\"700\" data-effect=\"distortion\" style=\"--wd-col-lg:1;--wd-col-md:1;--wd-col-sm:1;\">\n\t\t\t\t\t<div class=\"wd-carousel-wrap\">\n\t\t\t\t\t\t\t\t\t\t\t\t\t\t\t\t\t\t\t\t<div id=\"slide-6398\" class=\"wd-slide wd-carousel-item woodmart-loaded\"  data-image-url=\"https:\/\/bltfood.com.tr\/wp-content\/uploads\/2021\/10\/Slider-3.webp\">\n\t\t\t\t\t\t\t\t\t\t\t\t\t\t\t\t<div class=\"container wd-slide-container content-full-width\">\n\t\t\t\t\t\t\t\t\t<div class=\"wd-slide-inner\">\n\t\t\t\t\t\t\t\t\t\t\t\t\t\t\t\t\t\t\t\t\t<style>.elementor-6398 .elementor-element.elementor-element-367c164{--display:flex;--flex-direction:column;--container-widget-width:100%;--container-widget-height:initial;--container-widget-flex-grow:0;--container-widget-align-self:initial;--flex-wrap-mobile:wrap;}.elementor-6398 .elementor-element.elementor-element-85001a7 .title-after_title, .elementor-6398 .elementor-element.elementor-element-85001a7 .title-subtitle, .elementor-6398 .elementor-element.elementor-element-85001a7 .woodmart-title-container{max-width:80%;}.elementor-6398 .elementor-element.elementor-element-85001a7 .title-subtitle{font-family:\"Manrope\", Sans-serif;font-size:28px;font-weight:100;}.elementor-6398 .elementor-element.elementor-element-85001a7 .title{font-family:\"Yellow Palette\", Sans-serif;font-size:84px;font-weight:100;line-height:1.2em;}.elementor-6398 .elementor-element.elementor-element-85001a7 > .elementor-widget-container{margin:0px 0px 10px 0px;}@media(max-width:1024px){.elementor-6398 .elementor-element.elementor-element-85001a7 .title-after_title, .elementor-6398 .elementor-element.elementor-element-85001a7 .title-subtitle, .elementor-6398 .elementor-element.elementor-element-85001a7 .woodmart-title-container{max-width:80%;}.elementor-6398 .elementor-element.elementor-element-85001a7 .title{font-size:56px;}}@media(max-width:768px){.elementor-6398 .elementor-element.elementor-element-85001a7 .title-after_title, .elementor-6398 .elementor-element.elementor-element-85001a7 .title-subtitle, .elementor-6398 .elementor-element.elementor-element-85001a7 .woodmart-title-container{max-width:100%;}.elementor-6398 .elementor-element.elementor-element-85001a7 .title-subtitle{font-size:22px;}.elementor-6398 .elementor-element.elementor-element-85001a7 .title{font-size:40px;line-height:1em;}}<\/style>\t\t<div data-elementor-type=\"wp-post\" data-elementor-id=\"6398\" class=\"elementor elementor-6398\">\n\t\t\t\t<div class=\"wd-negative-gap elementor-element elementor-element-367c164 e-flex e-con-boxed e-con e-parent\" data-id=\"367c164\" data-element_type=\"container\" data-e-type=\"container\">\n\t\t\t\t\t<div class=\"e-con-inner\">\n\t\t\t\t<div class=\"elementor-element elementor-element-85001a7 wd-animation-zoom-in wd_delay_250 wd-width-100 wd-animation-normal wd-animation wd-transform elementor-widget elementor-widget-wd_title\" data-id=\"85001a7\" data-element_type=\"widget\" data-e-type=\"widget\" data-widget_type=\"wd_title.default\">\n\t\t\t\t<div class=\"elementor-widget-container\">\n\t\t\t\t\t\t\t<div class=\"title-wrapper wd-set-mb reset-last-child wd-title-color-white wd-title-style-default wd-title-size-default text-center\">\n\n\t\t\t\n\t\t\t<div class=\"liner-continer\">\n\t\t\t\t<h4 class=\"woodmart-title-container title wd-fontsize-l\">Her An Her Yerde<br> Ayn\u0131 Alt\u0131n \u00c7\u0131t\u0131r!<\/h4> \n\t\t\t\t\t\t\t<\/div>\n\n\t\t\t\t\t<\/div>\n\t\t\t\t\t\t<\/div>\n\t\t\t\t<\/div>\n\t\t\t\t\t<\/div>\n\t\t\t\t<\/div>\n\t\t\t\t<\/div>\n\t\t\t\t\t\t\t\t\t\t\t\t\t\t\t\t\t\t\t\t\t<\/div>\n\t\t\t\t\t\t\t\t<\/div>\n\n\t\t\t\t\t\t\t\t<div class=\"wd-slide-bg wd-fill\">\n\t\t\t\t\t\t\t\t\t\t\t\t\t\t\t\t\t<\/div>\n\n\t\t\t\t\t\t\t\t\t\t\t\t\t\t\t<\/div>\n\n\t\t\t\t\t\t\t\t\t\t\t\t\t\t\t\t\t\t\t\t\t\t\t\t\t\t\t\t\t\t\t\t\t<\/div>\n\t\t\t\t<\/div>\n\n\t\t\t\t\t\t\t\t\t\t\t\t\t\t<div class=\"wd-nav-arrows wd-slider-arrows wd-custom-style wd-style-1 wd-pos-sep color-scheme-light\">\n\t\t\t\t\t\t<div class=\"wd-btn-arrow wd-prev\">\n\t\t\t\t\t\t\t<div class=\"wd-arrow-inner\"><\/div>\n\t\t\t\t\t\t<\/div>\n\t\t\t\t\t\t<div class=\"wd-btn-arrow wd-next\">\n\t\t\t\t\t\t\t<div class=\"wd-arrow-inner\"><\/div>\n\t\t\t\t\t\t<\/div>\n\t\t\t\t\t<\/div>\n\t\t\t\t\t\t\t<\/div>\n\n\t\t\t\t\t\t\t\t\t\t\t<div class=\"wd-nav-pagin-wrap wd-slider-pagin wd-custom-style wd-style-shape-1 text-center color-scheme-light\">\n\t\t\t\t\t<ul class=\"wd-nav-pagin\"><\/ul>\n\t\t\t\t<\/div>\n\t\t\t\t\t<\/div>\n\t\t\t\t\t\t<\/div>\n\t\t\t\t<\/div>\n\t\t\t\t\t<\/div>\n\t\t\t\t<\/div>\n\t\t<div class=\"wd-negative-gap elementor-element elementor-element-840810b e-flex e-con-boxed e-con e-parent\" data-id=\"840810b\" data-element_type=\"container\" data-e-type=\"container\" id=\"mainpage-welcome\">\n\t\t\t\t\t<div class=\"e-con-inner\">\n\t\t<div class=\"elementor-element elementor-element-3de24e9 e-con-full e-flex e-con e-child\" data-id=\"3de24e9\" data-element_type=\"container\" data-e-type=\"container\">\n\t\t\t\t<div class=\"elementor-element elementor-element-f500448 wd-width-100 elementor-widget elementor-widget-wd_title\" data-id=\"f500448\" data-element_type=\"widget\" data-e-type=\"widget\" data-widget_type=\"wd_title.default\">\n\t\t\t\t<div class=\"elementor-widget-container\">\n\t\t\t\t\t\t\t<div class=\"title-wrapper wd-set-mb reset-last-child wd-title-color-primary wd-title-style-default wd-title-size-large text-center\">\n\n\t\t\t\n\t\t\t<div class=\"liner-continer\">\n\t\t\t\t<h4 class=\"woodmart-title-container title wd-fontsize-xxl\">BLTFOOD'A HO\u015e GELD\u0130N\u0130Z<\/h4> \n\t\t\t\t\t\t\t<\/div>\n\n\t\t\t\t\t<\/div>\n\t\t\t\t\t\t<\/div>\n\t\t\t\t<\/div>\n\t\t\t\t<div class=\"elementor-element elementor-element-c41dae2 elementor-widget elementor-widget-wd_text_block\" data-id=\"c41dae2\" data-element_type=\"widget\" data-e-type=\"widget\" data-widget_type=\"wd_text_block.default\">\n\t\t\t\t<div class=\"elementor-widget-container\">\n\t\t\t\t\t\t\t<div class=\"wd-text-block reset-last-child text-center\">\n\t\t\t\n\t\t\t<p data-start=\"135\" data-end=\"484\">1993 y\u0131l\u0131nda kurulan <strong data-start=\"156\" data-end=\"171\">Bulut Group<\/strong>, tekstil, tar\u0131m, enerji ve g\u0131da \u00fcretimi alanlar\u0131nda faaliyet g\u00f6steren \u00e7ok y\u00f6nl\u00fc bir sanayi kurulu\u015fu olarak h\u0131zla b\u00fcy\u00fcm\u00fc\u015ft\u00fcr. 2014 y\u0131l\u0131nda hayata ge\u00e7irilen <strong data-start=\"327\" data-end=\"350\">BLTFOOD Frozen Food<\/strong>, perakende, yeme\u2011i\u00e7me sekt\u00f6r\u00fc ve \u00f6zel etiket i\u015f ortaklar\u0131 i\u00e7in g\u00fcvenilir ve y\u00fcksek kaliteli dondurulmu\u015f g\u0131da \u00e7\u00f6z\u00fcmleri sunmaktad\u0131r.<\/p><p data-start=\"486\" data-end=\"724\">G\u00fc\u00e7l\u00fc tar\u0131msal tedarik a\u011f\u0131, modern \u00fcretim tesisleri ve s\u0131k\u0131 kalite standartlar\u0131yla BLTFOOD, <strong data-start=\"578\" data-end=\"618\">FerFry, FerFrost, FerChef ve FerFood<\/strong> markalar\u0131n\u0131n yan\u0131 s\u0131ra \u00f6zelle\u015ftirilmi\u015f \u00f6zel etiket \u00e7\u00f6z\u00fcmleriyle sekt\u00f6rde g\u00fcvenilir bir \u00e7\u00f6z\u00fcm orta\u011f\u0131d\u0131r.<\/p><p data-start=\"726\" data-end=\"947\"><strong data-start=\"726\" data-end=\"756\">\u201cTarladan lezzetli anlara\u201d<\/strong> vizyonuyla hareket eden firmam\u0131z, kaliteyi, s\u00fcrd\u00fcr\u00fclebilirli\u011fi ve inovasyonu \u00f6ncelikli de\u011ferleri olarak benimseyerek m\u00fc\u015fterilerine her zaman en iyi \u00fcr\u00fcn deneyimini sunmay\u0131 hedeflemektedir.<\/p>\n\t\t\t\t\t<\/div>\n\t\t\t\t\t\t<\/div>\n\t\t\t\t<\/div>\n\t\t\t\t<div class=\"elementor-element elementor-element-59b8a03 elementor-widget elementor-widget-wd_button\" data-id=\"59b8a03\" data-element_type=\"widget\" data-e-type=\"widget\" data-widget_type=\"wd_button.default\">\n\t\t\t\t<div class=\"elementor-widget-container\">\n\t\t\t\t\t\t\t<div class=\"wd-button-wrapper text-center\" >\n\t\t\t<a class=\"btn btn-style-default btn-shape-semi-round btn-size-large btn-color-primary btn-icon-pos-right\"  href=\"\/en\/urunler\/\">\n\t\t\t\t<span class=\"wd-btn-text\" data-elementor-setting-key=\"text\">\n\t\t\t\t\tT\u00fcm \u00dcr\u00fcnler\t\t\t\t<\/span>\n\n\t\t\t\t\t\t\t<\/a>\n\t\t<\/div>\n\t\t\t\t\t\t<\/div>\n\t\t\t\t<\/div>\n\t\t\t\t<\/div>\n\t\t\t\t\t<\/div>\n\t\t\t\t<\/div>\n\t\t\t\t<\/div>","protected":false},"excerpt":{"rendered":"<p>Her An Her Yerde Ayn\u0131 Alt\u0131n \u00c7\u0131t\u0131r! BLTFOOD&#8217;A HO\u015e GELD\u0130N\u0130Z 1993 y\u0131l\u0131nda kurulan Bulut Group, tekstil, tar\u0131m, enerji ve g\u0131da<\/p>","protected":false},"author":2,"featured_media":0,"parent":0,"menu_order":0,"comment_status":"closed","ping_status":"closed","template":"","meta":{"footnotes":""},"class_list":["post-6391","page","type-page","status-publish","hentry"],"_links":{"self":[{"href":"https:\/\/bltfood.com.tr\/en\/wp-json\/wp\/v2\/pages\/6391","targetHints":{"allow":["GET"]}}],"collection":[{"href":"https:\/\/bltfood.com.tr\/en\/wp-json\/wp\/v2\/pages"}],"about":[{"href":"https:\/\/bltfood.com.tr\/en\/wp-json\/wp\/v2\/types\/page"}],"author":[{"embeddable":true,"href":"https:\/\/bltfood.com.tr\/en\/wp-json\/wp\/v2\/users\/2"}],"replies":[{"embeddable":true,"href":"https:\/\/bltfood.com.tr\/en\/wp-json\/wp\/v2\/comments?post=6391"}],"version-history":[{"count":29,"href":"https:\/\/bltfood.com.tr\/en\/wp-json\/wp\/v2\/pages\/6391\/revisions"}],"predecessor-version":[{"id":29836,"href":"https:\/\/bltfood.com.tr\/en\/wp-json\/wp\/v2\/pages\/6391\/revisions\/29836"}],"wp:attachment":[{"href":"https:\/\/bltfood.com.tr\/en\/wp-json\/wp\/v2\/media?parent=6391"}],"curies":[{"name":"wp","href":"https:\/\/api.w.org\/{rel}","templated":true}]}}